{"id":2245,"date":"2024-10-22T16:14:21","date_gmt":"2024-10-22T16:14:21","guid":{"rendered":"https:\/\/pagcolombian.com\/sideso\/services\/"},"modified":"2024-10-23T16:04:24","modified_gmt":"2024-10-23T16:04:24","slug":"servicios","status":"publish","type":"page","link":"https:\/\/pagcolombian.com\/sideso\/servicios\/","title":{"rendered":"Servicios"},"content":{"rendered":"\t\t<div data-elementor-type=\"wp-page\" data-elementor-id=\"2245\" class=\"elementor elementor-2245\">\n\t\t\t\t<div class=\"elementor-element elementor-element-6714df8 e-flex e-con-boxed e-con e-parent\" data-id=\"6714df8\" data-element_type=\"container\" data-e-type=\"container\" data-settings=\"{&quot;background_background&quot;:&quot;classic&quot;}\">\n\t\t\t\t\t<div class=\"e-con-inner\">\n\t\t<div class=\"elementor-element elementor-element-ae7cf39 e-con-full e-flex e-con e-child\" data-id=\"ae7cf39\" data-element_type=\"container\" data-e-type=\"container\">\n\t\t\t\t<div class=\"elementor-element elementor-element-b086a4f elementor-widget elementor-widget-heading\" data-id=\"b086a4f\" data-element_type=\"widget\" data-e-type=\"widget\" data-widget_type=\"heading.default\">\n\t\t\t\t<div class=\"elementor-widget-container\">\n\t\t\t\t\t<h1 class=\"elementor-heading-title elementor-size-default\">Servicios<\/h1>\t\t\t\t<\/div>\n\t\t\t\t<\/div>\n\t\t\t\t<\/div>\n\t\t\t\t\t<\/div>\n\t\t\t\t<\/div>\n\t\t<div class=\"elementor-element elementor-element-fdab74a e-flex e-con-boxed e-con e-parent\" data-id=\"fdab74a\" data-element_type=\"container\" data-e-type=\"container\">\n\t\t\t\t\t<div class=\"e-con-inner\">\n\t\t<div class=\"elementor-element elementor-element-62662c8 e-con-full e-flex e-con e-child\" data-id=\"62662c8\" data-element_type=\"container\" data-e-type=\"container\">\n\t\t\t\t<div class=\"elementor-element elementor-element-d80e708 elementor-widget elementor-widget-heading\" data-id=\"d80e708\" data-element_type=\"widget\" data-e-type=\"widget\" data-widget_type=\"heading.default\">\n\t\t\t\t<div class=\"elementor-widget-container\">\n\t\t\t\t\t<h6 class=\"elementor-heading-title elementor-size-default\">Estas evaluaciones se realizan con el objetivo de detectar alteraciones o patolog\u00edas tempranas y puedan ser manejadas a trav\u00e9s de la EPS de cada trabajador, y as\u00ed obtener un bienestar en salud a su empleado con un \u00f3ptimo rendimiento laboral traducido en beneficio en la producci\u00f3n para su empresa. <\/h6>\t\t\t\t<\/div>\n\t\t\t\t<\/div>\n\t\t<div class=\"elementor-element elementor-element-12d69f5 e-flex e-con-boxed e-con e-child\" data-id=\"12d69f5\" data-element_type=\"container\" data-e-type=\"container\">\n\t\t\t\t\t<div class=\"e-con-inner\">\n\t\t<div class=\"elementor-element elementor-element-27214dd e-con-full e-flex e-con e-child\" data-id=\"27214dd\" data-element_type=\"container\" data-e-type=\"container\" data-settings=\"{&quot;background_background&quot;:&quot;classic&quot;}\">\n\t\t\t\t<div class=\"elementor-element elementor-element-58d4e6d elementor-widget elementor-widget-image\" data-id=\"58d4e6d\" data-element_type=\"widget\" data-e-type=\"widget\" data-widget_type=\"image.default\">\n\t\t\t\t<div class=\"elementor-widget-container\">\n\t\t\t\t\t\t\t\t\t\t\t\t\t\t\t<img fetchpriority=\"high\" decoding=\"async\" width=\"400\" height=\"300\" src=\"https:\/\/pagcolombian.com\/sideso\/wp-content\/uploads\/2024\/10\/Examen-medico.jpg\" class=\"attachment-large size-large wp-image-2288\" alt=\"\" srcset=\"https:\/\/pagcolombian.com\/sideso\/wp-content\/uploads\/2024\/10\/Examen-medico.jpg 400w, https:\/\/pagcolombian.com\/sideso\/wp-content\/uploads\/2024\/10\/Examen-medico-300x225.jpg 300w\" sizes=\"(max-width: 400px) 100vw, 400px\" \/>\t\t\t\t\t\t\t\t\t\t\t\t\t\t\t<\/div>\n\t\t\t\t<\/div>\n\t\t\t\t<div class=\"elementor-element elementor-element-2a291aa elementor-widget elementor-widget-heading\" data-id=\"2a291aa\" data-element_type=\"widget\" data-e-type=\"widget\" data-widget_type=\"heading.default\">\n\t\t\t\t<div class=\"elementor-widget-container\">\n\t\t\t\t\t<h4 class=\"elementor-heading-title elementor-size-default\">Ex\u00e1menes M\u00e9dicos de Ingreso, Retiro y   Peri\u00f3dicos<\/h4>\t\t\t\t<\/div>\n\t\t\t\t<\/div>\n\t\t\t\t<div class=\"elementor-element elementor-element-9a7687d elementor-widget elementor-widget-text-editor\" data-id=\"9a7687d\" data-element_type=\"widget\" data-e-type=\"widget\" data-widget_type=\"text-editor.default\">\n\t\t\t\t<div class=\"elementor-widget-container\">\n\t\t\t\t\t\t\t\t\t<p>Realizados por m\u00e9dicos especialistas en Salud Ocupacional (Articulo 4 de la resoluci\u00f3n 2346 de 2007 y decreto 1072 de 2015)<\/p>\t\t\t\t\t\t\t\t<\/div>\n\t\t\t\t<\/div>\n\t\t\t\t<\/div>\n\t\t<div class=\"elementor-element elementor-element-25e10fa e-con-full e-flex e-con e-child\" data-id=\"25e10fa\" data-element_type=\"container\" data-e-type=\"container\" data-settings=\"{&quot;background_background&quot;:&quot;classic&quot;}\">\n\t\t\t\t<div class=\"elementor-element elementor-element-71666dc elementor-widget elementor-widget-image\" data-id=\"71666dc\" data-element_type=\"widget\" data-e-type=\"widget\" data-widget_type=\"image.default\">\n\t\t\t\t<div class=\"elementor-widget-container\">\n\t\t\t\t\t\t\t\t\t\t\t\t\t\t\t<img decoding=\"async\" width=\"400\" height=\"300\" src=\"https:\/\/pagcolombian.com\/sideso\/wp-content\/uploads\/2024\/10\/Audiometria.png\" class=\"attachment-large size-large wp-image-2290\" alt=\"\" srcset=\"https:\/\/pagcolombian.com\/sideso\/wp-content\/uploads\/2024\/10\/Audiometria.png 400w, https:\/\/pagcolombian.com\/sideso\/wp-content\/uploads\/2024\/10\/Audiometria-300x225.png 300w\" sizes=\"(max-width: 400px) 100vw, 400px\" \/>\t\t\t\t\t\t\t\t\t\t\t\t\t\t\t<\/div>\n\t\t\t\t<\/div>\n\t\t\t\t<div class=\"elementor-element elementor-element-4c78903 elementor-widget elementor-widget-heading\" data-id=\"4c78903\" data-element_type=\"widget\" data-e-type=\"widget\" data-widget_type=\"heading.default\">\n\t\t\t\t<div class=\"elementor-widget-container\">\n\t\t\t\t\t<h4 class=\"elementor-heading-title elementor-size-default\">Audiometr\u00eda tamiz<br><\/h4>\t\t\t\t<\/div>\n\t\t\t\t<\/div>\n\t\t\t\t<div class=\"elementor-element elementor-element-3995b20 elementor-widget elementor-widget-text-editor\" data-id=\"3995b20\" data-element_type=\"widget\" data-e-type=\"widget\" data-widget_type=\"text-editor.default\">\n\t\t\t\t<div class=\"elementor-widget-container\">\n\t\t\t\t\t\t\t\t\t<p>Evaluaci\u00f3n auditiva, para detecci\u00f3n temprana de alteraciones debido a exposici\u00f3n laboral a ruidos permanentes.<\/p>\t\t\t\t\t\t\t\t<\/div>\n\t\t\t\t<\/div>\n\t\t\t\t<\/div>\n\t\t<div class=\"elementor-element elementor-element-a86e218 e-con-full e-flex e-con e-child\" data-id=\"a86e218\" data-element_type=\"container\" data-e-type=\"container\" data-settings=\"{&quot;background_background&quot;:&quot;classic&quot;}\">\n\t\t\t\t<div class=\"elementor-element elementor-element-789ab27 elementor-widget elementor-widget-image\" data-id=\"789ab27\" data-element_type=\"widget\" data-e-type=\"widget\" data-widget_type=\"image.default\">\n\t\t\t\t<div class=\"elementor-widget-container\">\n\t\t\t\t\t\t\t\t\t\t\t\t\t\t\t<img decoding=\"async\" width=\"400\" height=\"300\" src=\"https:\/\/pagcolombian.com\/sideso\/wp-content\/uploads\/2024\/10\/Espirometria.png\" class=\"attachment-large size-large wp-image-2291\" alt=\"\" srcset=\"https:\/\/pagcolombian.com\/sideso\/wp-content\/uploads\/2024\/10\/Espirometria.png 400w, https:\/\/pagcolombian.com\/sideso\/wp-content\/uploads\/2024\/10\/Espirometria-300x225.png 300w\" sizes=\"(max-width: 400px) 100vw, 400px\" \/>\t\t\t\t\t\t\t\t\t\t\t\t\t\t\t<\/div>\n\t\t\t\t<\/div>\n\t\t\t\t<div class=\"elementor-element elementor-element-4f0df93 elementor-widget elementor-widget-heading\" data-id=\"4f0df93\" data-element_type=\"widget\" data-e-type=\"widget\" data-widget_type=\"heading.default\">\n\t\t\t\t<div class=\"elementor-widget-container\">\n\t\t\t\t\t<h4 class=\"elementor-heading-title elementor-size-default\">Espirometr\u00eda<\/h4>\t\t\t\t<\/div>\n\t\t\t\t<\/div>\n\t\t\t\t<div class=\"elementor-element elementor-element-d33ed9c elementor-widget elementor-widget-text-editor\" data-id=\"d33ed9c\" data-element_type=\"widget\" data-e-type=\"widget\" data-widget_type=\"text-editor.default\">\n\t\t\t\t<div class=\"elementor-widget-container\">\n\t\t\t\t\t\t\t\t\t<p>Evaluaci\u00f3n de la capacidad pulmonar y su funcionamiento con el fin de detectar alteraciones tempranas por exposici\u00f3n a part\u00edculas de polvo, humo, gases<\/p>\t\t\t\t\t\t\t\t<\/div>\n\t\t\t\t<\/div>\n\t\t\t\t<\/div>\n\t\t\t\t\t<\/div>\n\t\t\t\t<\/div>\n\t\t<div class=\"elementor-element elementor-element-7138b1e e-flex e-con-boxed e-con e-child\" data-id=\"7138b1e\" data-element_type=\"container\" data-e-type=\"container\">\n\t\t\t\t\t<div class=\"e-con-inner\">\n\t\t<div class=\"elementor-element elementor-element-c603adb e-con-full e-flex e-con e-child\" data-id=\"c603adb\" data-element_type=\"container\" data-e-type=\"container\" data-settings=\"{&quot;background_background&quot;:&quot;classic&quot;}\">\n\t\t\t\t<div class=\"elementor-element elementor-element-7582278 elementor-widget elementor-widget-image\" data-id=\"7582278\" data-element_type=\"widget\" data-e-type=\"widget\" data-widget_type=\"image.default\">\n\t\t\t\t<div class=\"elementor-widget-container\">\n\t\t\t\t\t\t\t\t\t\t\t\t\t\t\t<img loading=\"lazy\" decoding=\"async\" width=\"400\" height=\"300\" src=\"https:\/\/pagcolombian.com\/sideso\/wp-content\/uploads\/2024\/10\/Visometria.png\" class=\"attachment-large size-large wp-image-2345\" alt=\"\" srcset=\"https:\/\/pagcolombian.com\/sideso\/wp-content\/uploads\/2024\/10\/Visometria.png 400w, https:\/\/pagcolombian.com\/sideso\/wp-content\/uploads\/2024\/10\/Visometria-300x225.png 300w\" sizes=\"(max-width: 400px) 100vw, 400px\" \/>\t\t\t\t\t\t\t\t\t\t\t\t\t\t\t<\/div>\n\t\t\t\t<\/div>\n\t\t\t\t<div class=\"elementor-element elementor-element-ebb5a4b elementor-widget elementor-widget-heading\" data-id=\"ebb5a4b\" data-element_type=\"widget\" data-e-type=\"widget\" data-widget_type=\"heading.default\">\n\t\t\t\t<div class=\"elementor-widget-container\">\n\t\t\t\t\t<h4 class=\"elementor-heading-title elementor-size-default\">Visiometr\u00eda<\/h4>\t\t\t\t<\/div>\n\t\t\t\t<\/div>\n\t\t\t\t<div class=\"elementor-element elementor-element-ca07eaa elementor-widget elementor-widget-text-editor\" data-id=\"ca07eaa\" data-element_type=\"widget\" data-e-type=\"widget\" data-widget_type=\"text-editor.default\">\n\t\t\t\t<div class=\"elementor-widget-container\">\n\t\t\t\t\t\t\t\t\t<p>Estudio de agudeza visual, campimetr\u00eda, visi\u00f3n crom\u00e1tica (diferencias de colores)<\/p>\t\t\t\t\t\t\t\t<\/div>\n\t\t\t\t<\/div>\n\t\t\t\t<\/div>\n\t\t<div class=\"elementor-element elementor-element-1e68a54 e-con-full e-flex e-con e-child\" data-id=\"1e68a54\" data-element_type=\"container\" data-e-type=\"container\" data-settings=\"{&quot;background_background&quot;:&quot;classic&quot;}\">\n\t\t\t\t<div class=\"elementor-element elementor-element-29b007f elementor-widget elementor-widget-image\" data-id=\"29b007f\" data-element_type=\"widget\" data-e-type=\"widget\" data-widget_type=\"image.default\">\n\t\t\t\t<div class=\"elementor-widget-container\">\n\t\t\t\t\t\t\t\t\t\t\t\t\t\t\t<img loading=\"lazy\" decoding=\"async\" width=\"400\" height=\"300\" src=\"https:\/\/pagcolombian.com\/sideso\/wp-content\/uploads\/2024\/10\/Optometria.png\" class=\"attachment-large size-large wp-image-2347\" alt=\"\" srcset=\"https:\/\/pagcolombian.com\/sideso\/wp-content\/uploads\/2024\/10\/Optometria.png 400w, https:\/\/pagcolombian.com\/sideso\/wp-content\/uploads\/2024\/10\/Optometria-300x225.png 300w\" sizes=\"(max-width: 400px) 100vw, 400px\" \/>\t\t\t\t\t\t\t\t\t\t\t\t\t\t\t<\/div>\n\t\t\t\t<\/div>\n\t\t\t\t<div class=\"elementor-element elementor-element-64cfd2a elementor-widget elementor-widget-heading\" data-id=\"64cfd2a\" data-element_type=\"widget\" data-e-type=\"widget\" data-widget_type=\"heading.default\">\n\t\t\t\t<div class=\"elementor-widget-container\">\n\t\t\t\t\t<h4 class=\"elementor-heading-title elementor-size-default\">Optometr\u00eda<\/h4>\t\t\t\t<\/div>\n\t\t\t\t<\/div>\n\t\t\t\t<div class=\"elementor-element elementor-element-3947bae elementor-widget elementor-widget-text-editor\" data-id=\"3947bae\" data-element_type=\"widget\" data-e-type=\"widget\" data-widget_type=\"text-editor.default\">\n\t\t\t\t<div class=\"elementor-widget-container\">\n\t\t\t\t\t\t\t\t\t<p>Evaluaci\u00f3n optom\u00e9trica con expedici\u00f3n de formula medica de optometr\u00eda inmediata.<\/p>\t\t\t\t\t\t\t\t<\/div>\n\t\t\t\t<\/div>\n\t\t\t\t<\/div>\n\t\t<div class=\"elementor-element elementor-element-fe62fb6 e-con-full e-flex e-con e-child\" data-id=\"fe62fb6\" data-element_type=\"container\" data-e-type=\"container\" data-settings=\"{&quot;background_background&quot;:&quot;classic&quot;}\">\n\t\t\t\t<div class=\"elementor-element elementor-element-7c0c0b1 elementor-widget elementor-widget-image\" data-id=\"7c0c0b1\" data-element_type=\"widget\" data-e-type=\"widget\" data-widget_type=\"image.default\">\n\t\t\t\t<div class=\"elementor-widget-container\">\n\t\t\t\t\t\t\t\t\t\t\t\t\t\t\t<img loading=\"lazy\" decoding=\"async\" width=\"400\" height=\"300\" src=\"https:\/\/pagcolombian.com\/sideso\/wp-content\/uploads\/2024\/10\/Laboratorios.png\" class=\"attachment-large size-large wp-image-2348\" alt=\"\" srcset=\"https:\/\/pagcolombian.com\/sideso\/wp-content\/uploads\/2024\/10\/Laboratorios.png 400w, https:\/\/pagcolombian.com\/sideso\/wp-content\/uploads\/2024\/10\/Laboratorios-300x225.png 300w\" sizes=\"(max-width: 400px) 100vw, 400px\" \/>\t\t\t\t\t\t\t\t\t\t\t\t\t\t\t<\/div>\n\t\t\t\t<\/div>\n\t\t\t\t<div class=\"elementor-element elementor-element-83ee820 elementor-widget elementor-widget-heading\" data-id=\"83ee820\" data-element_type=\"widget\" data-e-type=\"widget\" data-widget_type=\"heading.default\">\n\t\t\t\t<div class=\"elementor-widget-container\">\n\t\t\t\t\t<h4 class=\"elementor-heading-title elementor-size-default\">Laboratorios<\/h4>\t\t\t\t<\/div>\n\t\t\t\t<\/div>\n\t\t\t\t<div class=\"elementor-element elementor-element-101463d elementor-widget elementor-widget-text-editor\" data-id=\"101463d\" data-element_type=\"widget\" data-e-type=\"widget\" data-widget_type=\"text-editor.default\">\n\t\t\t\t<div class=\"elementor-widget-container\">\n\t\t\t\t\t\t\t\t\t<p>Se realiza la toma de muestra en las mismas instalaciones. Para pruebas de hemogramas, glicemia, colesterol entre otras.<\/p>\t\t\t\t\t\t\t\t<\/div>\n\t\t\t\t<\/div>\n\t\t\t\t<\/div>\n\t\t\t\t\t<\/div>\n\t\t\t\t<\/div>\n\t\t<div class=\"elementor-element elementor-element-1000623 e-con-full e-flex e-con e-child\" data-id=\"1000623\" data-element_type=\"container\" data-e-type=\"container\">\n\t\t<div class=\"elementor-element elementor-element-d6dc1ea e-con-full e-flex e-con e-child\" data-id=\"d6dc1ea\" data-element_type=\"container\" data-e-type=\"container\" data-settings=\"{&quot;background_background&quot;:&quot;classic&quot;}\">\n\t\t\t\t<div class=\"elementor-element elementor-element-44744b0 elementor-widget elementor-widget-image\" data-id=\"44744b0\" data-element_type=\"widget\" data-e-type=\"widget\" data-widget_type=\"image.default\">\n\t\t\t\t<div class=\"elementor-widget-container\">\n\t\t\t\t\t\t\t\t\t\t\t\t\t\t\t<img loading=\"lazy\" decoding=\"async\" width=\"400\" height=\"300\" src=\"https:\/\/pagcolombian.com\/sideso\/wp-content\/uploads\/2024\/10\/Certificado-medico.png\" class=\"attachment-large size-large wp-image-2357\" alt=\"\" srcset=\"https:\/\/pagcolombian.com\/sideso\/wp-content\/uploads\/2024\/10\/Certificado-medico.png 400w, https:\/\/pagcolombian.com\/sideso\/wp-content\/uploads\/2024\/10\/Certificado-medico-300x225.png 300w\" sizes=\"(max-width: 400px) 100vw, 400px\" \/>\t\t\t\t\t\t\t\t\t\t\t\t\t\t\t<\/div>\n\t\t\t\t<\/div>\n\t\t\t\t<div class=\"elementor-element elementor-element-8d68603 elementor-widget elementor-widget-heading\" data-id=\"8d68603\" data-element_type=\"widget\" data-e-type=\"widget\" data-widget_type=\"heading.default\">\n\t\t\t\t<div class=\"elementor-widget-container\">\n\t\t\t\t\t<h4 class=\"elementor-heading-title elementor-size-default\">Certificado M\u00e9dico para Trabajo en Altura<\/h4>\t\t\t\t<\/div>\n\t\t\t\t<\/div>\n\t\t\t\t<div class=\"elementor-element elementor-element-fc480e6 elementor-widget elementor-widget-text-editor\" data-id=\"fc480e6\" data-element_type=\"widget\" data-e-type=\"widget\" data-widget_type=\"text-editor.default\">\n\t\t\t\t<div class=\"elementor-widget-container\">\n\t\t\t\t\t\t\t\t\t<p>Expedido seg\u00fan las disposiciones y de acuerdo con la resoluci\u00f3n 3673 del 23 de Sept. \/08., resoluci\u00f3n 1409 \/2012 y 3368\/2014<\/p>\t\t\t\t\t\t\t\t<\/div>\n\t\t\t\t<\/div>\n\t\t\t\t<\/div>\n\t\t<div class=\"elementor-element elementor-element-09fdee1 e-con-full e-flex e-con e-child\" data-id=\"09fdee1\" data-element_type=\"container\" data-e-type=\"container\" data-settings=\"{&quot;background_background&quot;:&quot;classic&quot;}\">\n\t\t\t\t<div class=\"elementor-element elementor-element-804feac elementor-widget elementor-widget-image\" data-id=\"804feac\" data-element_type=\"widget\" data-e-type=\"widget\" data-widget_type=\"image.default\">\n\t\t\t\t<div class=\"elementor-widget-container\">\n\t\t\t\t\t\t\t\t\t\t\t\t\t\t\t<img loading=\"lazy\" decoding=\"async\" width=\"400\" height=\"300\" src=\"https:\/\/pagcolombian.com\/sideso\/wp-content\/uploads\/2024\/10\/Profesiogramas.png\" class=\"attachment-large size-large wp-image-2358\" alt=\"\" srcset=\"https:\/\/pagcolombian.com\/sideso\/wp-content\/uploads\/2024\/10\/Profesiogramas.png 400w, https:\/\/pagcolombian.com\/sideso\/wp-content\/uploads\/2024\/10\/Profesiogramas-300x225.png 300w\" sizes=\"(max-width: 400px) 100vw, 400px\" \/>\t\t\t\t\t\t\t\t\t\t\t\t\t\t\t<\/div>\n\t\t\t\t<\/div>\n\t\t\t\t<div class=\"elementor-element elementor-element-c7b9789 elementor-widget elementor-widget-heading\" data-id=\"c7b9789\" data-element_type=\"widget\" data-e-type=\"widget\" data-widget_type=\"heading.default\">\n\t\t\t\t<div class=\"elementor-widget-container\">\n\t\t\t\t\t<h4 class=\"elementor-heading-title elementor-size-default\">Profesiogramas<\/h4>\t\t\t\t<\/div>\n\t\t\t\t<\/div>\n\t\t\t\t<div class=\"elementor-element elementor-element-e780bb4 elementor-widget elementor-widget-text-editor\" data-id=\"e780bb4\" data-element_type=\"widget\" data-e-type=\"widget\" data-widget_type=\"text-editor.default\">\n\t\t\t\t<div class=\"elementor-widget-container\">\n\t\t\t\t\t\t\t\t\t<p>Visita a la empresa, acceso a las funciones de cada cargo, objetivos de cada cargo, Las condiciones f\u00edsicas que se requieren para el trabajo, as\u00ed como sus riesgos.<\/p>\t\t\t\t\t\t\t\t<\/div>\n\t\t\t\t<\/div>\n\t\t\t\t<\/div>\n\t\t\t\t<\/div>\n\t\t\t\t<\/div>\n\t\t\t\t\t<\/div>\n\t\t\t\t<\/div>\n\t\t\t\t<\/div>\n\t\t","protected":false},"excerpt":{"rendered":"<p>Servicios Estas evaluaciones se realizan con el objetivo de detectar alteraciones o patolog\u00edas tempranas y puedan ser manejadas a trav\u00e9s de la EPS de cada trabajador, y as\u00ed obtener un bienestar en salud a su empleado con un \u00f3ptimo rendimiento laboral traducido en beneficio en la producci\u00f3n para su empresa. Ex\u00e1menes M\u00e9dicos de Ingreso, Retiro [&hellip;]<\/p>\n","protected":false},"author":1,"featured_media":0,"parent":0,"menu_order":0,"comment_status":"closed","ping_status":"closed","template":"","meta":{"_uag_custom_page_level_css":"","site-sidebar-layout":"no-sidebar","site-content-layout":"page-builder","ast-site-content-layout":"full-width-container","site-content-style":"unboxed","site-sidebar-style":"unboxed","ast-global-header-display":"","ast-banner-title-visibility":"","ast-main-header-display":"","ast-hfb-above-header-display":"","ast-hfb-below-header-display":"","ast-hfb-mobile-header-display":"","site-post-title":"disabled","ast-breadcrumbs-content":"","ast-featured-img":"disabled","footer-sml-layout":"","ast-disable-related-posts":"","theme-transparent-header-meta":"default","adv-header-id-meta":"","stick-header-meta":"","header-above-stick-meta":"","header-main-stick-meta":"","header-below-stick-meta":"","astra-migrate-meta-layouts":"set","ast-page-background-enabled":"default","ast-page-background-meta":{"desktop":{"background-color":"","background-image":"","background-repeat":"repeat","background-position":"center center","background-size":"auto","background-attachment":"scroll","background-type":"","background-media":"","overlay-type":"","overlay-color":"","overlay-opacity":"","overlay-gradient":""},"tablet":{"background-color":"","background-image":"","background-repeat":"repeat","background-position":"center center","background-size":"auto","background-attachment":"scroll","background-type":"","background-media":"","overlay-type":"","overlay-color":"","overlay-opacity":"","overlay-gradient":""},"mobile":{"background-color":"","background-image":"","background-repeat":"repeat","background-position":"center center","background-size":"auto","background-attachment":"scroll","background-type":"","background-media":"","overlay-type":"","overlay-color":"","overlay-opacity":"","overlay-gradient":""}},"ast-content-background-meta":{"desktop":{"background-color":"var(--ast-global-color-5)","background-image":"","background-repeat":"repeat","background-position":"center center","background-size":"auto","background-attachment":"scroll","background-type":"","background-media":"","overlay-type":"","overlay-color":"","overlay-opacity":"","overlay-gradient":""},"tablet":{"background-color":"var(--ast-global-color-5)","background-image":"","background-repeat":"repeat","background-position":"center center","background-size":"auto","background-attachment":"scroll","background-type":"","background-media":"","overlay-type":"","overlay-color":"","overlay-opacity":"","overlay-gradient":""},"mobile":{"background-color":"var(--ast-global-color-5)","background-image":"","background-repeat":"repeat","background-position":"center center","background-size":"auto","background-attachment":"scroll","background-type":"","background-media":"","overlay-type":"","overlay-color":"","overlay-opacity":"","overlay-gradient":""}},"footnotes":""},"class_list":["post-2245","page","type-page","status-publish","hentry"],"uagb_featured_image_src":{"full":false,"thumbnail":false,"medium":false,"medium_large":false,"large":false,"1536x1536":false,"2048x2048":false},"uagb_author_info":{"display_name":"admin","author_link":"https:\/\/pagcolombian.com\/sideso\/author\/admin\/"},"uagb_comment_info":0,"uagb_excerpt":"Servicios Estas evaluaciones se realizan con el objetivo de detectar alteraciones o patolog\u00edas tempranas y puedan ser manejadas a trav\u00e9s de la EPS de cada trabajador, y as\u00ed obtener un bienestar en salud a su empleado con un \u00f3ptimo rendimiento laboral traducido en beneficio en la producci\u00f3n para su empresa. Ex\u00e1menes M\u00e9dicos de Ingreso, Retiro&hellip;","_links":{"self":[{"href":"https:\/\/pagcolombian.com\/sideso\/wp-json\/wp\/v2\/pages\/2245","targetHints":{"allow":["GET"]}}],"collection":[{"href":"https:\/\/pagcolombian.com\/sideso\/wp-json\/wp\/v2\/pages"}],"about":[{"href":"https:\/\/pagcolombian.com\/sideso\/wp-json\/wp\/v2\/types\/page"}],"author":[{"embeddable":true,"href":"https:\/\/pagcolombian.com\/sideso\/wp-json\/wp\/v2\/users\/1"}],"replies":[{"embeddable":true,"href":"https:\/\/pagcolombian.com\/sideso\/wp-json\/wp\/v2\/comments?post=2245"}],"version-history":[{"count":19,"href":"https:\/\/pagcolombian.com\/sideso\/wp-json\/wp\/v2\/pages\/2245\/revisions"}],"predecessor-version":[{"id":2364,"href":"https:\/\/pagcolombian.com\/sideso\/wp-json\/wp\/v2\/pages\/2245\/revisions\/2364"}],"wp:attachment":[{"href":"https:\/\/pagcolombian.com\/sideso\/wp-json\/wp\/v2\/media?parent=2245"}],"curies":[{"name":"wp","href":"https:\/\/api.w.org\/{rel}","templated":true}]}}